{"id":85190,"date":"2020-10-12T22:53:26","date_gmt":"2020-10-12T20:53:26","guid":{"rendered":"https:\/\/preprod.missyparis.com\/entrega\/"},"modified":"2020-10-12T22:53:27","modified_gmt":"2020-10-12T20:53:27","slug":"entrega","status":"publish","type":"page","link":"https:\/\/missyparis.com\/es\/entrega\/","title":{"rendered":"Entrega"},"content":{"rendered":"<div class=\"wpb-content-wrapper\"><p>[vc_row][vc_column width=&#8221;1\/6&#8243;][\/vc_column][vc_column column_width_percent=&#8221;100&#8243; gutter_size=&#8221;3&#8243; overlay_alpha=&#8221;50&#8243; shift_x=&#8221;0&#8243; shift_y=&#8221;0&#8243; shift_y_down=&#8221;0&#8243; z_index=&#8221;0&#8243; medium_width=&#8221;0&#8243; mobile_width=&#8221;0&#8243; css_animation=&#8221;bottom-t-top&#8221; animation_delay=&#8221;200&#8243; width=&#8221;2\/3&#8243;][vc_custom_heading]Condiciones de entrega[\/vc_custom_heading][vc_column_text]Env\u00edo y Transportistas Los tiempos de env\u00edo de sus paquetes se env\u00edan generalmente el mismo d\u00eda despu\u00e9s de la recepci\u00f3n del pago. (Excepto el fin de semana)[\/vc_column_text][vc_custom_heading]LA POSTE\u00a0[\/vc_custom_heading][vc_column_text]El paquete se env\u00eda el mismo d\u00eda. Los env\u00edos dentro de Francia tardan unos 3-4 d\u00edas y hasta 5-6 d\u00edas en los departamentos de ultramar y en el extranjero.[\/vc_column_text][vc_custom_heading]Transportistas[\/vc_custom_heading][vc_column_text]<\/p>\n<p>Preparamos su pedido de acuerdo con el portador elegido. Si tiene un transportista, por favor h\u00e1ganoslo saber en <a href=\"mailto:paris@missy.com.tr\">paris@missy.com.tr<\/a>. A menos que usted especifique lo contrario, llamamos a su transportista para enviar su pedido el mismo d\u00eda. Si ha hecho un pedido grande y no tiene un portador, podemos recomendarle uno. El costo de env\u00edo se paga al recibir las mercanc\u00edas al transportista elegido. Sus paquetes son enviados a su propio riesgo. En caso de disputa con su transportista, le proporcionaremos el recibo de cobro y la factura de su pedido. Traducci\u00f3n realizada con la versi\u00f3n gratuita del traductor www.DeepL.com\/Translator<\/p>\n<p>[\/vc_column_text][\/vc_column][vc_column width=&#8221;1\/6&#8243;][\/vc_column][\/vc_row]<\/p>\n<\/div>","protected":false},"excerpt":{"rendered":"<p>[vc_row][vc_column width=&#8221;1\/6&#8243;][\/vc_column][vc_column column_width_percent=&#8221;100&#8243; gutter_size=&#8221;3&#8243; overlay_alpha=&#8221;50&#8243; shift_x=&#8221;0&#8243; shift_y=&#8221;0&#8243; shift_y_down=&#8221;0&#8243; z_index=&#8221;0&#8243; medium_width=&#8221;0&#8243; mobile_width=&#8221;0&#8243; css_animation=&#8221;bottom-t-top&#8221; animation_delay=&#8221;200&#8243; width=&#8221;2\/3&#8243;][vc_custom_heading]Condiciones de entrega[\/vc_custom_heading][vc_column_text]Env\u00edo y Transportistas Los tiempos [&hellip;]<\/p>\n","protected":false},"author":1,"featured_media":0,"parent":0,"menu_order":0,"comment_status":"closed","ping_status":"closed","template":"","meta":{"footnotes":""},"class_list":["post-85190","page","type-page","status-publish","hentry"],"jetpack_sharing_enabled":true,"_links":{"self":[{"href":"https:\/\/missyparis.com\/es\/wp-json\/wp\/v2\/pages\/85190","targetHints":{"allow":["GET"]}}],"collection":[{"href":"https:\/\/missyparis.com\/es\/wp-json\/wp\/v2\/pages"}],"about":[{"href":"https:\/\/missyparis.com\/es\/wp-json\/wp\/v2\/types\/page"}],"author":[{"embeddable":true,"href":"https:\/\/missyparis.com\/es\/wp-json\/wp\/v2\/users\/1"}],"replies":[{"embeddable":true,"href":"https:\/\/missyparis.com\/es\/wp-json\/wp\/v2\/comments?post=85190"}],"version-history":[{"count":0,"href":"https:\/\/missyparis.com\/es\/wp-json\/wp\/v2\/pages\/85190\/revisions"}],"wp:attachment":[{"href":"https:\/\/missyparis.com\/es\/wp-json\/wp\/v2\/media?parent=85190"}],"curies":[{"name":"wp","href":"https:\/\/api.w.org\/{rel}","templated":true}]}}