{"id":85195,"date":"2020-10-12T22:55:30","date_gmt":"2020-10-12T20:55:30","guid":{"rendered":"https:\/\/preprod.missyparis.com\/aviso-legal\/"},"modified":"2020-10-12T22:55:30","modified_gmt":"2020-10-12T20:55:30","slug":"aviso-legal","status":"publish","type":"page","link":"https:\/\/missyparis.com\/es\/aviso-legal\/","title":{"rendered":"Aviso legal"},"content":{"rendered":"<div class=\"wpb-content-wrapper\"><p>[vc_row][vc_column width=&#8221;1\/6&#8243;][\/vc_column][vc_column column_width_percent=&#8221;100&#8243; gutter_size=&#8221;3&#8243; overlay_alpha=&#8221;50&#8243; shift_x=&#8221;0&#8243; shift_y=&#8221;0&#8243; shift_y_down=&#8221;0&#8243; z_index=&#8221;0&#8243; medium_width=&#8221;0&#8243; mobile_width=&#8221;0&#8243; css_animation=&#8221;bottom-t-top&#8221; animation_delay=&#8221;200&#8243; width=&#8221;2\/3&#8243;][vc_column_text]<strong>MISSY PARIS<\/strong><br \/>\nMISSY TEKSTIL<br \/>\n70 AV VICTOR HUGO<br \/>\n93300 AUBERVILLIERS<br \/>\nFRANCE<br \/>\ncontact@missyparis.com<br \/>\nSARL AU CAPITAL DE 20 000,00 \u20ac EUROS \u2028R.C.S. AUBERVILLIERS<br \/>\nSIRET N\u00b0 805 361 227 00012<\/p>\n<p><strong>DIRECTEUR DE PUBLICATION<\/strong><br \/>\nOzge Demirhan<br \/>\nparis@missy.com.tr<\/p>\n<p><strong>H\u00c9BERGEUR DU SITE<\/strong><br \/>\n1&amp;1 IONOS SARL<br \/>\nSARL au capital de 100 000,00 \u20ac<br \/>\nRCS SARREGUEMINES 431 303 775 00016<br \/>\nCode APE 6311Z<br \/>\nSi\u00e8ge social : 7 PL DE LA GARE 57200 SARREGUEMINES<\/p>\n<p><strong>COPYRIGHT \u2013 PROPRI\u00c9T\u00c9 INTELLECTUELLE<\/strong><br \/>\nLes marques, logos, photos, textes, m\u00e9dias, documents et plus g\u00e9n\u00e9ralement la totalit\u00e9 des contenus du site internet missyparis.com sont la propri\u00e9t\u00e9 exclusive de MISSY PARIS ou diffus\u00e9s avec l\u2019autorisation de leurs propri\u00e9taires. Toute reproduction, duplication m\u00eame partielle est strictement interdite. Le site internet missyparis.com est prot\u00e9g\u00e9 par les lois de la propri\u00e9t\u00e9 intellectuelle. En cas d\u2019infraction le contrevenant s\u2019expose \u00e0 des poursuites judiciaires.<br \/>\nTous les contenus du site internet missyparis.com sont pr\u00e9sent\u00e9s \u00e0 titre informatif, non contractuels et peuvent \u00eatre soumis \u00e0 modifications sans pr\u00e9avis.<\/p>\n<p><strong>CR\u00c9DITS<\/strong><br \/>\nConception graphique du site internet : <a href=\"http:\/\/treizemars.com\/\">http:\/\/treizemars.com\/<\/a><br \/>\nR\u00e9alisation du site internet : TREIZEMARS[\/vc_column_text][\/vc_column][vc_column width=&#8221;1\/6&#8243;][\/vc_column][\/vc_row]<\/p>\n<\/div>","protected":false},"excerpt":{"rendered":"<p>[vc_row][vc_column width=&#8221;1\/6&#8243;][\/vc_column][vc_column column_width_percent=&#8221;100&#8243; gutter_size=&#8221;3&#8243; overlay_alpha=&#8221;50&#8243; shift_x=&#8221;0&#8243; shift_y=&#8221;0&#8243; shift_y_down=&#8221;0&#8243; z_index=&#8221;0&#8243; medium_width=&#8221;0&#8243; mobile_width=&#8221;0&#8243; css_animation=&#8221;bottom-t-top&#8221; animation_delay=&#8221;200&#8243; width=&#8221;2\/3&#8243;][vc_column_text]MISSY PARIS MISSY TEKSTIL 70 AV VICTOR [&hellip;]<\/p>\n","protected":false},"author":1,"featured_media":0,"parent":0,"menu_order":0,"comment_status":"closed","ping_status":"closed","template":"","meta":{"footnotes":""},"class_list":["post-85195","page","type-page","status-publish","hentry"],"jetpack_sharing_enabled":true,"_links":{"self":[{"href":"https:\/\/missyparis.com\/es\/wp-json\/wp\/v2\/pages\/85195","targetHints":{"allow":["GET"]}}],"collection":[{"href":"https:\/\/missyparis.com\/es\/wp-json\/wp\/v2\/pages"}],"about":[{"href":"https:\/\/missyparis.com\/es\/wp-json\/wp\/v2\/types\/page"}],"author":[{"embeddable":true,"href":"https:\/\/missyparis.com\/es\/wp-json\/wp\/v2\/users\/1"}],"replies":[{"embeddable":true,"href":"https:\/\/missyparis.com\/es\/wp-json\/wp\/v2\/comments?post=85195"}],"version-history":[{"count":0,"href":"https:\/\/missyparis.com\/es\/wp-json\/wp\/v2\/pages\/85195\/revisions"}],"wp:attachment":[{"href":"https:\/\/missyparis.com\/es\/wp-json\/wp\/v2\/media?parent=85195"}],"curies":[{"name":"wp","href":"https:\/\/api.w.org\/{rel}","templated":true}]}}