{"id":85222,"date":"2020-10-12T23:17:17","date_gmt":"2020-10-12T21:17:17","guid":{"rendered":"https:\/\/preprod.missyparis.com\/quienes-somos\/"},"modified":"2020-10-12T23:17:17","modified_gmt":"2020-10-12T21:17:17","slug":"quienes-somos","status":"publish","type":"page","link":"https:\/\/missyparis.com\/es\/quienes-somos\/","title":{"rendered":"\u00bfQui\u00e9nes somos?"},"content":{"rendered":"<div class=\"wpb-content-wrapper\"><p>[vc_row][vc_column width=&#8221;1\/6&#8243;][\/vc_column][vc_column column_width_percent=&#8221;100&#8243; gutter_size=&#8221;3&#8243; overlay_alpha=&#8221;50&#8243; shift_x=&#8221;0&#8243; shift_y=&#8221;0&#8243; shift_y_down=&#8221;0&#8243; z_index=&#8221;0&#8243; medium_width=&#8221;0&#8243; mobile_width=&#8221;0&#8243; css_animation=&#8221;bottom-t-top&#8221; animation_delay=&#8221;200&#8243; width=&#8221;2\/3&#8243;][vc_custom_heading]HISTORIA[\/vc_custom_heading][vc_column_text]Missy fue fundada en 1997 en Alemania. Entre 1997 y 2009, Missy continu\u00f3 desarrollando su punto de vista de dise\u00f1o y calidad aumentando sus puntos de venta y clientes. En 2009, Missy estableci\u00f3 su planta de producci\u00f3n en Estambul con el fin de proporcionar a sus clientes mayoristas y boutiques dise\u00f1os \u00fanicos y de alta calidad.[\/vc_column_text][vc_custom_heading]TIENDAS[\/vc_custom_heading][vc_column_text]Missy es ahora una marca premium con tiendas en Alemania y Francia y una gran capacidad de producci\u00f3n en Estambul. Aqu\u00ed encontrar\u00e1s colecciones \u00fanicas y de alta calidad de Missy en las mejores esquinas y boutiques de toda Europa.Missy es ahora una marca premium con tiendas en Alemania y Francia y una gran capacidad de producci\u00f3n en Estambul. Aqu\u00ed encontrar\u00e1s colecciones \u00fanicas y de alta calidad de Missy en las mejores esquinas y boutiques de toda Europa.Missy es ahora una marca premium con tiendas en Alemania y Francia y una gran capacidad de producci\u00f3n en Estambul. Aqu\u00ed encontrar\u00e1s colecciones \u00fanicas y de alta calidad de Missy en las mejores esquinas y boutiques de toda Europa.Missy es ahora una marca premium con tiendas en Alemania y Francia y una gran capacidad de producci\u00f3n en Estambul. Aqu\u00ed encontrar\u00e1s colecciones \u00fanicas y de alta calidad de Missy en las mejores esquinas y boutiques de toda Europa.[\/vc_column_text][vc_custom_heading]VISI\u00d3N[\/vc_custom_heading][vc_column_text]Desde su fundaci\u00f3n, se ha convertido en la misi\u00f3n de Missy preparar con gran cuidado y atenci\u00f3n piezas sobresalientes y extraordinarias para sus clientes, especialmente aquellos que utilizan impresi\u00f3n digital de alta calidad y strass para cada producto que produce.[\/vc_column_text][vc_single_image media=&#8221;22&#8243; media_width_percent=&#8221;100&#8243; alignment=&#8221;center&#8221;][\/vc_column][vc_column width=&#8221;1\/6&#8243;][\/vc_column][\/vc_row]<\/p>\n<\/div>","protected":false},"excerpt":{"rendered":"<p>[vc_row][vc_column width=&#8221;1\/6&#8243;][\/vc_column][vc_column column_width_percent=&#8221;100&#8243; gutter_size=&#8221;3&#8243; overlay_alpha=&#8221;50&#8243; shift_x=&#8221;0&#8243; shift_y=&#8221;0&#8243; shift_y_down=&#8221;0&#8243; z_index=&#8221;0&#8243; medium_width=&#8221;0&#8243; mobile_width=&#8221;0&#8243; css_animation=&#8221;bottom-t-top&#8221; animation_delay=&#8221;200&#8243; width=&#8221;2\/3&#8243;][vc_custom_heading]HISTORIA[\/vc_custom_heading][vc_column_text]Missy fue fundada en 1997 en Alemania. [&hellip;]<\/p>\n","protected":false},"author":1,"featured_media":0,"parent":0,"menu_order":0,"comment_status":"closed","ping_status":"closed","template":"","meta":{"footnotes":""},"class_list":["post-85222","page","type-page","status-publish","hentry"],"jetpack_sharing_enabled":true,"_links":{"self":[{"href":"https:\/\/missyparis.com\/es\/wp-json\/wp\/v2\/pages\/85222","targetHints":{"allow":["GET"]}}],"collection":[{"href":"https:\/\/missyparis.com\/es\/wp-json\/wp\/v2\/pages"}],"about":[{"href":"https:\/\/missyparis.com\/es\/wp-json\/wp\/v2\/types\/page"}],"author":[{"embeddable":true,"href":"https:\/\/missyparis.com\/es\/wp-json\/wp\/v2\/users\/1"}],"replies":[{"embeddable":true,"href":"https:\/\/missyparis.com\/es\/wp-json\/wp\/v2\/comments?post=85222"}],"version-history":[{"count":0,"href":"https:\/\/missyparis.com\/es\/wp-json\/wp\/v2\/pages\/85222\/revisions"}],"wp:attachment":[{"href":"https:\/\/missyparis.com\/es\/wp-json\/wp\/v2\/media?parent=85222"}],"curies":[{"name":"wp","href":"https:\/\/api.w.org\/{rel}","templated":true}]}}